{"id":1034,"date":"2026-04-30T15:25:30","date_gmt":"2026-04-30T15:25:30","guid":{"rendered":"https:\/\/casadavomicas.com\/?page_id=1034"},"modified":"2026-04-30T15:33:28","modified_gmt":"2026-04-30T15:33:28","slug":"home-temp","status":"publish","type":"page","link":"https:\/\/casadavomicas.com\/","title":{"rendered":"Home Temp"},"content":{"rendered":"\t\t<div data-elementor-type=\"wp-post\" data-elementor-id=\"1034\" class=\"elementor elementor-1034\">\n\t\t\t\t\t\t<section class=\"elementor-section elementor-top-section elementor-element elementor-element-46580b0 elementor-section-boxed elementor-section-height-default elementor-section-height-default\" data-id=\"46580b0\" data-element_type=\"section\" data-e-type=\"section\">\n\t\t\t\t\t\t<div class=\"elementor-container elementor-column-gap-default\">\n\t\t\t\t\t<div class=\"elementor-column elementor-col-100 elementor-top-column elementor-element elementor-element-0149212\" data-id=\"0149212\" data-element_type=\"column\" data-e-type=\"column\">\n\t\t\t<div class=\"elementor-widget-wrap elementor-element-populated\">\n\t\t\t\t\t\t<div class=\"elementor-element elementor-element-c49c459 elementor-widget-divider--view-line elementor-widget elementor-widget-divider\" data-id=\"c49c459\" data-element_type=\"widget\" data-e-type=\"widget\" data-widget_type=\"divider.default\">\n\t\t\t\t<div class=\"elementor-widget-container\">\n\t\t\t\t\t\t\t<div class=\"elementor-divider\">\n\t\t\t<span class=\"elementor-divider-separator\">\n\t\t\t\t\t\t<\/span>\n\t\t<\/div>\n\t\t\t\t\t\t<\/div>\n\t\t\t\t<\/div>\n\t\t\t\t<div class=\"elementor-element elementor-element-c355b78 elementor-widget elementor-widget-text-editor\" data-id=\"c355b78\" data-element_type=\"widget\" data-e-type=\"widget\" data-widget_type=\"text-editor.default\">\n\t\t\t\t<div class=\"elementor-widget-container\">\n\t\t\t\t\t\t\t\t\t<p><strong>Aviso Importante<\/strong><br \/>Informamos todos os nossos clientes e visitantes que as p\u00e1ginas oficiais de Facebook e Instagram da Casa da &#8216;V\u00f3 Micas foram recentemente alvo de pirataria.<br \/><br \/>Neste momento, n\u00e3o podemos garantir a veracidade de qualquer conte\u00fado, mensagens ou pedidos provenientes dessas plataformas, podendo os mesmos estar a ser utilizados de forma fraudulenta para burlar h\u00f3spedes.<br \/><br \/><strong>Pedimos, por favor:<\/strong><br \/>\u2022 N\u00e3o efetuem quaisquer pagamentos atrav\u00e9s dessas p\u00e1ginas ou por mensagens recebidas nas mesmas;<br \/>\u2022 N\u00e3o realizem reservas sem confirma\u00e7\u00e3o direta connosco atrav\u00e9s dos nossos contactos oficiais e plataformas Booking e Airbnb.<br \/><br \/>Para qualquer esclarecimento ou para garantir a seguran\u00e7a da sua reserva, entre em contacto connosco pelos canais habituais e \u00fanicos:<br \/><br \/>reservas.cvm@casadavomicas<br \/><br \/>Tel.\/ Whatsapp: +351 935 197 054<br \/><br \/>Agradecemos a vossa compreens\u00e3o e lamentamos qualquer inc\u00f3modo causado.<\/p>\t\t\t\t\t\t\t\t<\/div>\n\t\t\t\t<\/div>\n\t\t\t\t\t<\/div>\n\t\t<\/div>\n\t\t\t\t\t<\/div>\n\t\t<\/section>\n\t\t\t\t<section class=\"elementor-section elementor-top-section elementor-element elementor-element-a53ab68 elementor-section-boxed elementor-section-height-default elementor-section-height-default\" data-id=\"a53ab68\" data-element_type=\"section\" data-e-type=\"section\">\n\t\t\t\t\t\t<div class=\"elementor-container elementor-column-gap-default\">\n\t\t\t\t\t<div class=\"elementor-column elementor-col-100 elementor-top-column elementor-element elementor-element-1a26b96\" data-id=\"1a26b96\" data-element_type=\"column\" data-e-type=\"column\">\n\t\t\t<div class=\"elementor-widget-wrap elementor-element-populated\">\n\t\t\t\t\t\t<div class=\"elementor-element elementor-element-7c0b7c4 elementor-widget-divider--view-line elementor-widget elementor-widget-divider\" data-id=\"7c0b7c4\" data-element_type=\"widget\" data-e-type=\"widget\" data-widget_type=\"divider.default\">\n\t\t\t\t<div class=\"elementor-widget-container\">\n\t\t\t\t\t\t\t<div class=\"elementor-divider\">\n\t\t\t<span class=\"elementor-divider-separator\">\n\t\t\t\t\t\t<\/span>\n\t\t<\/div>\n\t\t\t\t\t\t<\/div>\n\t\t\t\t<\/div>\n\t\t\t\t<div class=\"elementor-element elementor-element-dd4457e elementor-widget elementor-widget-spacer\" data-id=\"dd4457e\" data-element_type=\"widget\" data-e-type=\"widget\" data-widget_type=\"spacer.default\">\n\t\t\t\t<div class=\"elementor-widget-container\">\n\t\t\t\t\t\t\t<div class=\"elementor-spacer\">\n\t\t\t<div class=\"elementor-spacer-inner\"><\/div>\n\t\t<\/div>\n\t\t\t\t\t\t<\/div>\n\t\t\t\t<\/div>\n\t\t\t\t<div class=\"elementor-element elementor-element-47612c8 elementor-widget__width-inherit animated-slow elementor-invisible elementor-widget elementor-widget-image-carousel\" data-id=\"47612c8\" data-element_type=\"widget\" data-e-type=\"widget\" data-settings=\"{&quot;slides_to_show&quot;:&quot;1&quot;,&quot;navigation&quot;:&quot;none&quot;,&quot;pause_on_hover&quot;:&quot;no&quot;,&quot;pause_on_interaction&quot;:&quot;no&quot;,&quot;_animation&quot;:&quot;fadeIn&quot;,&quot;autoplay&quot;:&quot;yes&quot;,&quot;autoplay_speed&quot;:5000,&quot;infinite&quot;:&quot;yes&quot;,&quot;effect&quot;:&quot;slide&quot;,&quot;speed&quot;:500}\" data-widget_type=\"image-carousel.default\">\n\t\t\t\t<div class=\"elementor-widget-container\">\n\t\t\t\t\t\t\t<div class=\"elementor-image-carousel-wrapper swiper\" role=\"region\" aria-roledescription=\"carousel\" aria-label=\"Carrossel de imagens\" dir=\"ltr\">\n\t\t\t<div class=\"elementor-image-carousel swiper-wrapper\" aria-live=\"off\">\n\t\t\t\t\t\t\t\t<div class=\"swiper-slide\" role=\"group\" aria-roledescription=\"slide\" aria-label=\"1 of 4\"><figure class=\"swiper-slide-inner\"><img decoding=\"async\" class=\"swiper-slide-image\" src=\"https:\/\/casadavomicas.com\/wp-content\/uploads\/2023\/07\/Imagem-WhatsApp-2023-07-08-as-16.06.37-e1688828902920-768x607.jpg\" alt=\"Casa da &#039;V\u00f3 Micas\" \/><\/figure><\/div><div class=\"swiper-slide\" role=\"group\" aria-roledescription=\"slide\" aria-label=\"2 of 4\"><figure class=\"swiper-slide-inner\"><img decoding=\"async\" class=\"swiper-slide-image\" src=\"https:\/\/casadavomicas.com\/wp-content\/uploads\/2023\/05\/panoramica-768x512.jpg\" alt=\"Panoramica - Vila Nova\" \/><\/figure><\/div><div class=\"swiper-slide\" role=\"group\" aria-roledescription=\"slide\" aria-label=\"3 of 4\"><figure class=\"swiper-slide-inner\"><img decoding=\"async\" class=\"swiper-slide-image\" src=\"https:\/\/casadavomicas.com\/wp-content\/uploads\/2023\/05\/sala_relogio_escada-768x512.jpg\" alt=\"Casa da Vo Micas - Escada\" \/><\/figure><\/div><div class=\"swiper-slide\" role=\"group\" aria-roledescription=\"slide\" aria-label=\"4 of 4\"><figure class=\"swiper-slide-inner\"><img decoding=\"async\" class=\"swiper-slide-image\" src=\"https:\/\/casadavomicas.com\/wp-content\/uploads\/2023\/05\/quarto_cegonha_3-768x512.jpg\" alt=\"Suite Cegonha\" \/><\/figure><\/div>\t\t\t<\/div>\n\t\t\t\t\t\t\t\n\t\t\t\t\t\t\t\t\t<\/div>\n\t\t\t\t\t\t<\/div>\n\t\t\t\t<\/div>\n\t\t\t\t\t<\/div>\n\t\t<\/div>\n\t\t\t\t\t<\/div>\n\t\t<\/section>\n\t\t\t\t<\/div>\n\t\t","protected":false},"excerpt":{"rendered":"<p>Aviso ImportanteInformamos todos os nossos clientes e visitantes que as p\u00e1ginas oficiais de Facebook e Instagram da Casa da &#8216;V\u00f3 Micas foram recentemente alvo de pirataria. Neste momento, n\u00e3o podemos garantir a veracidade de qualquer conte\u00fado, mensagens ou pedidos provenientes dessas plataformas, podendo os mesmos estar a ser utilizados de forma fraudulenta para burlar h\u00f3spedes.&hellip; <a class=\"more-link\" href=\"https:\/\/casadavomicas.com\/\">Continue a ler <span class=\"screen-reader-text\">Home Temp<\/span><\/a><\/p>\n","protected":false},"author":1,"featured_media":0,"parent":0,"menu_order":0,"comment_status":"closed","ping_status":"closed","template":"elementor_header_footer","meta":{"footnotes":""},"class_list":["post-1034","page","type-page","status-publish","hentry","entry"],"aioseo_notices":[],"_links":{"self":[{"href":"https:\/\/casadavomicas.com\/index.php\/wp-json\/wp\/v2\/pages\/1034","targetHints":{"allow":["GET"]}}],"collection":[{"href":"https:\/\/casadavomicas.com\/index.php\/wp-json\/wp\/v2\/pages"}],"about":[{"href":"https:\/\/casadavomicas.com\/index.php\/wp-json\/wp\/v2\/types\/page"}],"author":[{"embeddable":true,"href":"https:\/\/casadavomicas.com\/index.php\/wp-json\/wp\/v2\/users\/1"}],"replies":[{"embeddable":true,"href":"https:\/\/casadavomicas.com\/index.php\/wp-json\/wp\/v2\/comments?post=1034"}],"version-history":[{"count":3,"href":"https:\/\/casadavomicas.com\/index.php\/wp-json\/wp\/v2\/pages\/1034\/revisions"}],"predecessor-version":[{"id":1037,"href":"https:\/\/casadavomicas.com\/index.php\/wp-json\/wp\/v2\/pages\/1034\/revisions\/1037"}],"wp:attachment":[{"href":"https:\/\/casadavomicas.com\/index.php\/wp-json\/wp\/v2\/media?parent=1034"}],"curies":[{"name":"wp","href":"https:\/\/api.w.org\/{rel}","templated":true}]}}